{"id":2079,"date":"2019-05-29T10:50:16","date_gmt":"2019-05-29T08:50:16","guid":{"rendered":"https:\/\/www.routeb7.at\/produkt\/route-b7-gutschein-50\/"},"modified":"2019-09-20T11:16:18","modified_gmt":"2019-09-20T09:16:18","slug":"route-b7-gutschein-50","status":"publish","type":"product","link":"https:\/\/www.routeb7.at\/cs\/produkt\/route-b7-gutschein-50\/","title":{"rendered":"Route B7 Poukaz 50 \u20ac"},"content":{"rendered":"","protected":false},"excerpt":{"rendered":"<p>Platn\u00e9 pouze pro zbo\u017e\u00ed v shopu a gastra<br \/>\nNeplatn\u00e9 pro d\u00e1lni\u010dn\u00ed zn\u00e1mky<\/p>\n","protected":false},"featured_media":2080,"template":"","meta":[],"product_brand":[],"product_cat":[559],"product_tag":[],"class_list":{"0":"post-2079","1":"product","2":"type-product","3":"status-publish","4":"has-post-thumbnail","6":"product_cat-allgemein-cs","8":"first","9":"instock","10":"taxable","11":"shipping-taxable","12":"product-type-simple","13":"prodpage-style2"},"_links":{"self":[{"href":"https:\/\/www.routeb7.at\/cs\/wp-json\/wp\/v2\/product\/2079","targetHints":{"allow":["GET"]}}],"collection":[{"href":"https:\/\/www.routeb7.at\/cs\/wp-json\/wp\/v2\/product"}],"about":[{"href":"https:\/\/www.routeb7.at\/cs\/wp-json\/wp\/v2\/types\/product"}],"wp:featuredmedia":[{"embeddable":true,"href":"https:\/\/www.routeb7.at\/cs\/wp-json\/wp\/v2\/media\/2080"}],"wp:attachment":[{"href":"https:\/\/www.routeb7.at\/cs\/wp-json\/wp\/v2\/media?parent=2079"}],"wp:term":[{"taxonomy":"product_brand","embeddable":true,"href":"https:\/\/www.routeb7.at\/cs\/wp-json\/wp\/v2\/product_brand?post=2079"},{"taxonomy":"product_cat","embeddable":true,"href":"https:\/\/www.routeb7.at\/cs\/wp-json\/wp\/v2\/product_cat?post=2079"},{"taxonomy":"product_tag","embeddable":true,"href":"https:\/\/www.routeb7.at\/cs\/wp-json\/wp\/v2\/product_tag?post=2079"}],"curies":[{"name":"wp","href":"https:\/\/api.w.org\/{rel}","templated":true}]}}