{"id":2089,"date":"2019-05-29T09:13:45","date_gmt":"2019-05-29T07:13:45","guid":{"rendered":"https:\/\/www.routeb7.at\/produkt\/vignette-2-monate\/"},"modified":"2019-11-28T13:53:17","modified_gmt":"2019-11-28T12:53:17","slug":"vignette-2-monate","status":"publish","type":"product","link":"https:\/\/www.routeb7.at\/cs\/produkt\/vignette-2-monate\/","title":{"rendered":"D\u00c1LNI\u010cN\u00cd ZN\u00c1MKY 2 m\u011bs\u00edce"},"content":{"rendered":"","protected":false},"excerpt":{"rendered":"<p>Platnost od vyzvednut\u00ed!<\/p>\n","protected":false},"featured_media":2078,"template":"","meta":[],"product_brand":[],"product_cat":[559],"product_tag":[],"class_list":{"0":"post-2089","1":"product","2":"type-product","3":"status-publish","4":"has-post-thumbnail","6":"product_cat-allgemein-cs","8":"first","9":"outofstock","10":"taxable","11":"shipping-taxable","12":"product-type-simple","13":"prodpage-style2"},"_links":{"self":[{"href":"https:\/\/www.routeb7.at\/cs\/wp-json\/wp\/v2\/product\/2089","targetHints":{"allow":["GET"]}}],"collection":[{"href":"https:\/\/www.routeb7.at\/cs\/wp-json\/wp\/v2\/product"}],"about":[{"href":"https:\/\/www.routeb7.at\/cs\/wp-json\/wp\/v2\/types\/product"}],"wp:featuredmedia":[{"embeddable":true,"href":"https:\/\/www.routeb7.at\/cs\/wp-json\/wp\/v2\/media\/2078"}],"wp:attachment":[{"href":"https:\/\/www.routeb7.at\/cs\/wp-json\/wp\/v2\/media?parent=2089"}],"wp:term":[{"taxonomy":"product_brand","embeddable":true,"href":"https:\/\/www.routeb7.at\/cs\/wp-json\/wp\/v2\/product_brand?post=2089"},{"taxonomy":"product_cat","embeddable":true,"href":"https:\/\/www.routeb7.at\/cs\/wp-json\/wp\/v2\/product_cat?post=2089"},{"taxonomy":"product_tag","embeddable":true,"href":"https:\/\/www.routeb7.at\/cs\/wp-json\/wp\/v2\/product_tag?post=2089"}],"curies":[{"name":"wp","href":"https:\/\/api.w.org\/{rel}","templated":true}]}}