{"id":2106,"date":"2019-05-27T13:35:18","date_gmt":"2019-05-27T11:35:18","guid":{"rendered":"https:\/\/www.routeb7.at\/produkt\/dalnicni-znamky-1-rok\/"},"modified":"2019-11-28T14:03:43","modified_gmt":"2019-11-28T13:03:43","slug":"dalnicni-znamky-1-rok","status":"publish","type":"product","link":"https:\/\/www.routeb7.at\/cs\/produkt\/dalnicni-znamky-1-rok\/","title":{"rendered":"D\u00c1LNI\u010cN\u00cd ZN\u00c1MKY 1 rok"},"content":{"rendered":"","protected":false},"excerpt":{"rendered":"<p>Platnost od vyzvednut\u00ed<\/p>\n","protected":false},"featured_media":2078,"template":"","meta":[],"product_brand":[],"product_cat":[559],"product_tag":[],"class_list":{"0":"post-2106","1":"product","2":"type-product","3":"status-publish","4":"has-post-thumbnail","6":"product_cat-allgemein-cs","8":"first","9":"outofstock","10":"taxable","11":"shipping-taxable","12":"product-type-simple","13":"prodpage-style2"},"_links":{"self":[{"href":"https:\/\/www.routeb7.at\/cs\/wp-json\/wp\/v2\/product\/2106","targetHints":{"allow":["GET"]}}],"collection":[{"href":"https:\/\/www.routeb7.at\/cs\/wp-json\/wp\/v2\/product"}],"about":[{"href":"https:\/\/www.routeb7.at\/cs\/wp-json\/wp\/v2\/types\/product"}],"wp:featuredmedia":[{"embeddable":true,"href":"https:\/\/www.routeb7.at\/cs\/wp-json\/wp\/v2\/media\/2078"}],"wp:attachment":[{"href":"https:\/\/www.routeb7.at\/cs\/wp-json\/wp\/v2\/media?parent=2106"}],"wp:term":[{"taxonomy":"product_brand","embeddable":true,"href":"https:\/\/www.routeb7.at\/cs\/wp-json\/wp\/v2\/product_brand?post=2106"},{"taxonomy":"product_cat","embeddable":true,"href":"https:\/\/www.routeb7.at\/cs\/wp-json\/wp\/v2\/product_cat?post=2106"},{"taxonomy":"product_tag","embeddable":true,"href":"https:\/\/www.routeb7.at\/cs\/wp-json\/wp\/v2\/product_tag?post=2106"}],"curies":[{"name":"wp","href":"https:\/\/api.w.org\/{rel}","templated":true}]}}