{"id":2238,"date":"2019-03-19T11:29:20","date_gmt":"2019-03-19T10:29:20","guid":{"rendered":"https:\/\/www.routeb7.at\/trucker-und-busstop\/"},"modified":"2019-09-19T13:42:35","modified_gmt":"2019-09-19T11:42:35","slug":"trucker-und-busstop","status":"publish","type":"page","link":"https:\/\/www.routeb7.at\/pl\/trucker-und-busstop\/","title":{"rendered":"Ci\u0119\u017car\u00f3wki i Autokary"},"content":{"rendered":"","protected":false},"excerpt":{"rendered":"","protected":false},"author":1,"featured_media":0,"parent":0,"menu_order":0,"comment_status":"closed","ping_status":"closed","template":"","meta":{"footnotes":""},"class_list":["post-2238","page","type-page","status-publish","hentry","prodpage-style2"],"_links":{"self":[{"href":"https:\/\/www.routeb7.at\/pl\/wp-json\/wp\/v2\/pages\/2238","targetHints":{"allow":["GET"]}}],"collection":[{"href":"https:\/\/www.routeb7.at\/pl\/wp-json\/wp\/v2\/pages"}],"about":[{"href":"https:\/\/www.routeb7.at\/pl\/wp-json\/wp\/v2\/types\/page"}],"author":[{"embeddable":true,"href":"https:\/\/www.routeb7.at\/pl\/wp-json\/wp\/v2\/users\/1"}],"replies":[{"embeddable":true,"href":"https:\/\/www.routeb7.at\/pl\/wp-json\/wp\/v2\/comments?post=2238"}],"version-history":[{"count":2,"href":"https:\/\/www.routeb7.at\/pl\/wp-json\/wp\/v2\/pages\/2238\/revisions"}],"predecessor-version":[{"id":2240,"href":"https:\/\/www.routeb7.at\/pl\/wp-json\/wp\/v2\/pages\/2238\/revisions\/2240"}],"wp:attachment":[{"href":"https:\/\/www.routeb7.at\/pl\/wp-json\/wp\/v2\/media?parent=2238"}],"curies":[{"name":"wp","href":"https:\/\/api.w.org\/{rel}","templated":true}]}}