{"id":2290,"date":"2019-06-01T09:42:36","date_gmt":"2019-06-01T07:42:36","guid":{"rendered":"https:\/\/www.routeb7.at\/produkt\/winieta\/"},"modified":"2019-11-28T13:53:08","modified_gmt":"2019-11-28T12:53:08","slug":"winieta","status":"publish","type":"product","link":"https:\/\/www.routeb7.at\/pl\/produkt\/winieta\/","title":{"rendered":"Winieta 10 dni"},"content":{"rendered":"","protected":false},"excerpt":{"rendered":"<p>Wa\u017cno\u015b\u0107 od odbioru<\/p>\n","protected":false},"featured_media":2291,"template":"","meta":[],"product_brand":[],"product_cat":[564],"product_tag":[],"class_list":{"0":"post-2290","1":"product","2":"type-product","3":"status-publish","4":"has-post-thumbnail","6":"product_cat-allgemein-pl","8":"first","9":"outofstock","10":"taxable","11":"shipping-taxable","12":"product-type-simple","13":"prodpage-style2"},"_links":{"self":[{"href":"https:\/\/www.routeb7.at\/pl\/wp-json\/wp\/v2\/product\/2290","targetHints":{"allow":["GET"]}}],"collection":[{"href":"https:\/\/www.routeb7.at\/pl\/wp-json\/wp\/v2\/product"}],"about":[{"href":"https:\/\/www.routeb7.at\/pl\/wp-json\/wp\/v2\/types\/product"}],"wp:featuredmedia":[{"embeddable":true,"href":"https:\/\/www.routeb7.at\/pl\/wp-json\/wp\/v2\/media\/2291"}],"wp:attachment":[{"href":"https:\/\/www.routeb7.at\/pl\/wp-json\/wp\/v2\/media?parent=2290"}],"wp:term":[{"taxonomy":"product_brand","embeddable":true,"href":"https:\/\/www.routeb7.at\/pl\/wp-json\/wp\/v2\/product_brand?post=2290"},{"taxonomy":"product_cat","embeddable":true,"href":"https:\/\/www.routeb7.at\/pl\/wp-json\/wp\/v2\/product_cat?post=2290"},{"taxonomy":"product_tag","embeddable":true,"href":"https:\/\/www.routeb7.at\/pl\/wp-json\/wp\/v2\/product_tag?post=2290"}],"curies":[{"name":"wp","href":"https:\/\/api.w.org\/{rel}","templated":true}]}}