{"id":2298,"date":"2019-05-29T10:48:20","date_gmt":"2019-05-29T08:48:20","guid":{"rendered":"https:\/\/www.routeb7.at\/produkt\/ig-powietrze-spaliny-plakietka\/"},"modified":"2019-12-06T11:36:41","modified_gmt":"2019-12-06T10:36:41","slug":"ig-powietrze-spaliny-plakietka","status":"publish","type":"product","link":"https:\/\/www.routeb7.at\/pl\/produkt\/ig-powietrze-spaliny-plakietka\/","title":{"rendered":"IG-powietrze \u2013 spaliny plakietka"},"content":{"rendered":"","protected":false},"excerpt":{"rendered":"<p>Wa\u017cno\u015b\u0107 od odbioru<\/p>\n","protected":false},"featured_media":2299,"template":"","meta":[],"product_brand":[],"product_cat":[564],"product_tag":[],"class_list":{"0":"post-2298","1":"product","2":"type-product","3":"status-publish","4":"has-post-thumbnail","6":"product_cat-allgemein-pl","8":"first","9":"outofstock","10":"taxable","11":"shipping-taxable","12":"product-type-simple","13":"prodpage-style2"},"_links":{"self":[{"href":"https:\/\/www.routeb7.at\/pl\/wp-json\/wp\/v2\/product\/2298","targetHints":{"allow":["GET"]}}],"collection":[{"href":"https:\/\/www.routeb7.at\/pl\/wp-json\/wp\/v2\/product"}],"about":[{"href":"https:\/\/www.routeb7.at\/pl\/wp-json\/wp\/v2\/types\/product"}],"wp:featuredmedia":[{"embeddable":true,"href":"https:\/\/www.routeb7.at\/pl\/wp-json\/wp\/v2\/media\/2299"}],"wp:attachment":[{"href":"https:\/\/www.routeb7.at\/pl\/wp-json\/wp\/v2\/media?parent=2298"}],"wp:term":[{"taxonomy":"product_brand","embeddable":true,"href":"https:\/\/www.routeb7.at\/pl\/wp-json\/wp\/v2\/product_brand?post=2298"},{"taxonomy":"product_cat","embeddable":true,"href":"https:\/\/www.routeb7.at\/pl\/wp-json\/wp\/v2\/product_cat?post=2298"},{"taxonomy":"product_tag","embeddable":true,"href":"https:\/\/www.routeb7.at\/pl\/wp-json\/wp\/v2\/product_tag?post=2298"}],"curies":[{"name":"wp","href":"https:\/\/api.w.org\/{rel}","templated":true}]}}