{"id":2300,"date":"2019-05-29T09:16:34","date_gmt":"2019-05-29T07:16:34","guid":{"rendered":"https:\/\/www.routeb7.at\/produkt\/winieta-10-dni-motocykl\/"},"modified":"2019-11-28T14:03:50","modified_gmt":"2019-11-28T13:03:50","slug":"winieta-10-dni-motocykl","status":"publish","type":"product","link":"https:\/\/www.routeb7.at\/pl\/produkt\/winieta-10-dni-motocykl\/","title":{"rendered":"Winieta 10 dni (Motocykl)"},"content":{"rendered":"","protected":false},"excerpt":{"rendered":"<p>Wa\u017cno\u015b\u0107 od odbioru!<\/p>\n","protected":false},"featured_media":2301,"template":"","meta":[],"product_brand":[],"product_cat":[564],"product_tag":[],"class_list":{"0":"post-2300","1":"product","2":"type-product","3":"status-publish","4":"has-post-thumbnail","6":"product_cat-allgemein-pl","8":"first","9":"outofstock","10":"taxable","11":"shipping-taxable","12":"product-type-simple","13":"prodpage-style2"},"_links":{"self":[{"href":"https:\/\/www.routeb7.at\/pl\/wp-json\/wp\/v2\/product\/2300","targetHints":{"allow":["GET"]}}],"collection":[{"href":"https:\/\/www.routeb7.at\/pl\/wp-json\/wp\/v2\/product"}],"about":[{"href":"https:\/\/www.routeb7.at\/pl\/wp-json\/wp\/v2\/types\/product"}],"wp:featuredmedia":[{"embeddable":true,"href":"https:\/\/www.routeb7.at\/pl\/wp-json\/wp\/v2\/media\/2301"}],"wp:attachment":[{"href":"https:\/\/www.routeb7.at\/pl\/wp-json\/wp\/v2\/media?parent=2300"}],"wp:term":[{"taxonomy":"product_brand","embeddable":true,"href":"https:\/\/www.routeb7.at\/pl\/wp-json\/wp\/v2\/product_brand?post=2300"},{"taxonomy":"product_cat","embeddable":true,"href":"https:\/\/www.routeb7.at\/pl\/wp-json\/wp\/v2\/product_cat?post=2300"},{"taxonomy":"product_tag","embeddable":true,"href":"https:\/\/www.routeb7.at\/pl\/wp-json\/wp\/v2\/product_tag?post=2300"}],"curies":[{"name":"wp","href":"https:\/\/api.w.org\/{rel}","templated":true}]}}