{"id":2801,"date":"2020-12-18T13:13:16","date_gmt":"2020-12-18T12:13:17","guid":{"rendered":"https:\/\/www.routeb7.at\/?post_type=product&#038;p=2801"},"modified":"2023-12-01T10:27:26","modified_gmt":"2023-12-01T09:27:26","slug":"winieta-10-dni-2","status":"publish","type":"product","link":"https:\/\/www.routeb7.at\/pl\/produkt\/winieta-10-dni-2\/","title":{"rendered":"Winieta 10 dni"},"content":{"rendered":"","protected":false},"excerpt":{"rendered":"<p>Wa\u017cno\u015b\u0107 od odbioru<\/p>\n","protected":false},"featured_media":2827,"template":"","meta":[],"product_brand":[],"product_cat":[564],"product_tag":[],"class_list":{"0":"post-2801","1":"product","2":"type-product","3":"status-publish","4":"has-post-thumbnail","6":"product_cat-allgemein-pl","8":"first","9":"outofstock","10":"taxable","11":"shipping-taxable","12":"product-type-simple","13":"prodpage-style2"},"_links":{"self":[{"href":"https:\/\/www.routeb7.at\/pl\/wp-json\/wp\/v2\/product\/2801","targetHints":{"allow":["GET"]}}],"collection":[{"href":"https:\/\/www.routeb7.at\/pl\/wp-json\/wp\/v2\/product"}],"about":[{"href":"https:\/\/www.routeb7.at\/pl\/wp-json\/wp\/v2\/types\/product"}],"wp:featuredmedia":[{"embeddable":true,"href":"https:\/\/www.routeb7.at\/pl\/wp-json\/wp\/v2\/media\/2827"}],"wp:attachment":[{"href":"https:\/\/www.routeb7.at\/pl\/wp-json\/wp\/v2\/media?parent=2801"}],"wp:term":[{"taxonomy":"product_brand","embeddable":true,"href":"https:\/\/www.routeb7.at\/pl\/wp-json\/wp\/v2\/product_brand?post=2801"},{"taxonomy":"product_cat","embeddable":true,"href":"https:\/\/www.routeb7.at\/pl\/wp-json\/wp\/v2\/product_cat?post=2801"},{"taxonomy":"product_tag","embeddable":true,"href":"https:\/\/www.routeb7.at\/pl\/wp-json\/wp\/v2\/product_tag?post=2801"}],"curies":[{"name":"wp","href":"https:\/\/api.w.org\/{rel}","templated":true}]}}